{"id":16,"date":"2016-01-13T10:10:48","date_gmt":"2016-01-13T09:10:48","guid":{"rendered":"http:\/\/lea-doukhan-avocat.fr\/?page_id=16"},"modified":"2016-06-06T10:21:57","modified_gmt":"2016-06-06T09:21:57","slug":"droit-prive","status":"publish","type":"page","link":"https:\/\/lea-doukhan-avocat.fr\/index.php\/domaines\/droit-prive\/","title":{"rendered":"DROIT PRIV\u00c9"},"content":{"rendered":"<p>[vc_row][vc_column][vc_column_text css=\u00a0\u00bb.vc_custom_1464794034742{margin-bottom: 10px !important;}\u00a0\u00bb]<\/p>\n<h1 style=\"text-align: center;\"><span style=\"color: #e5522f;\">Avocat en droit priv\u00e9 \u00e0 Paris<\/span><\/h1>\n<p>[\/vc_column_text][vc_column_text]<\/p>\n<h2 style=\"text-align: center;\"><span style=\"color: #808080;\">Ma\u00eetre L\u00e9a Doukhan, Avocat \u00e0 Paris<\/span><\/h2>\n<p>[\/vc_column_text][\/vc_column][\/vc_row][vc_row][vc_column width=\u00a0\u00bb2\/3&Prime;][vc_column_text]<\/p>\n<h2 style=\"text-align: justify;\"><span style=\"color: #e5522f;\">Partages et successions<\/span><\/h2>\n<p style=\"text-align: justify;\">Le d\u00e9c\u00e8s d\u2019un proche, en plus d\u2019\u00eatre douloureux, fait naitre pour les h\u00e9ritiers un certain nombre d\u2019<strong>obligations juridiques<\/strong>, administratives et financi\u00e8res, mais aussi de <a href=\"http:\/\/lea-doukhan-avocat.fr\/index.php\/domaines\/droit-prive\/\">droits<\/a>, sur lesquels il est primordial d\u2019avoir un \u00e9clairage professionnel afin de prendre, parfois dans l\u2019urgence, les bonnes d\u00e9cisions.<\/p>\n<p style=\"text-align: justify;\">Les h\u00e9ritiers l\u00e9gaux ont en premier un choix successoral \u00e0 op\u00e9rer.<br \/>\nIls peuvent en effet accepter purement et simplement la succession,\u00a0 accepter la succession \u00e0 concurrence de l\u2019actif net ou y renoncer.<\/p>\n<p style=\"text-align: justify;\">Cette option, qui aura des cons\u00e9quences tr\u00e8s importantes, doit s\u2019exercer dans des d\u00e9lais pr\u00e9cis que <strong>Ma\u00eetre L\u00e9a DOUKHAN<\/strong>, <a href=\"http:\/\/lea-doukhan-avocat.fr\/\">avocat \u00e0 Paris<\/a>, vous indiquera en fonction de votre situation personnelle, et notamment de la date d\u2019ouverture de la succession.<\/p>\n<p style=\"text-align: justify;\">Lorsque la succession est accept\u00e9e, <strong>les h\u00e9ritiers se retrouvent en situation d\u2019indivision<\/strong>.\u00a0C\u2019est souvent \u00e0 ce moment-l\u00e0, lorsque les biens du d\u00e9funt doivent \u00eatre g\u00e9r\u00e9s en commun ou partag\u00e9s, que les conflits apparaissent entre h\u00e9ritiers.<\/p>\n<p style=\"text-align: justify;\">S\u2019il est bien entendu\u00a0 toujours pr\u00e9f\u00e9rable de parvenir \u00e0 trouver une issue amiable \u00e0 ces litiges, ce \u00e0 quoi s\u2019emploiera en toutes circonstances <a href=\"http:\/\/lea-doukhan-avocat.fr\/index.php\/avocat-paris-cabinet\/\">Ma\u00eetre L\u00e9a DOUKHAN<\/a> en premier lieu, le recours \u00e0 la justice est parfois in\u00e9luctable.<\/p>\n<p style=\"text-align: justify;\">Si les conflits n\u2019ont pu pr\u00e9alablement \u00eatre r\u00e9solus autrement, <a href=\"#\">Ma\u00eetre L\u00e9a DOUKHAN saisira le Tribunal de Grande Instance<\/a> comp\u00e9tent d\u2019une action partage judiciaire afin de faire trancher les diff\u00e9rentes questions.<\/p>\n<p style=\"text-align: justify;\">Elle est \u00e9galement comp\u00e9tente pour intervenir dans tous les pans du droit des successions et pour r\u00e9pondre \u00e0 vos questions en mati\u00e8re de :<\/p>\n<p style=\"text-align: justify;\"><div class=\"column one-second\">&#8211; <strong>Choix successoral<\/strong>,<br \/>\n&#8211; Droit des h\u00e9ritiers,<br \/>\n&#8211; Gestion de l\u2019indivision,<br \/>\n&#8211; Partage amiable,<br \/>\n&#8211; Partage successoral (judiciaire),<\/div>\n<p style=\"text-align: justify;\"><div class=\"column one-second\">&#8211; <strong>Lib\u00e9ralit\u00e9s\u00a0(dons, legs)<\/strong><br \/>\n&#8211; Rapport \u00e0 succession des lib\u00e9ralit\u00e9s ou r\u00e9duction,<br \/>\n&#8211; Contestation ou annulation de testament,<br \/>\n&#8211; Sanction du recel successoral<\/div>\n<p>[\/vc_column_text][\/vc_column][vc_column width=\u00a0\u00bb1\/3&Prime;][vc_single_image image=\u00a0\u00bb204&Prime; img_size=\u00a0\u00bbfull\u00a0\u00bb alignment=\u00a0\u00bbright\u00a0\u00bb css=\u00a0\u00bb.vc_custom_1464168183540{margin-top: 30px !important;}\u00a0\u00bb][\/vc_column][\/vc_row][vc_row][vc_column width=\u00a0\u00bb1\/3&Prime;][vc_single_image image=\u00a0\u00bb213&Prime; img_size=\u00a0\u00bbfull\u00a0\u00bb css=\u00a0\u00bb.vc_custom_1464169039492{margin-top: 15px !important;}\u00a0\u00bb][\/vc_column][vc_column width=\u00a0\u00bb2\/3&Prime;][vc_column_text]<\/p>\n<h2 style=\"text-align: justify;\"><span style=\"color: #e5522f;\">Proc\u00e9dure d\u2019adoption<\/span><\/h2>\n<p style=\"text-align: justify;\">Deux types d\u2019adoption existent en France\u00a0: l\u2019<strong>adoption pl\u00e9ni\u00e8re<\/strong> et l\u2019<strong>adoption simple<\/strong>.\u00a0Ces deux types d\u2019adoption cr\u00e9ent des liens de filiation entre adopt\u00e9 et adoptant(s).<\/p>\n<p style=\"text-align: justify;\">Toutefois, ils diff\u00e8rent en ce que dans une adoption pl\u00e9ni\u00e8re, irr\u00e9vocable, les liens entre l\u2019adopt\u00e9 et sa famille d\u2019origine sont rompus, tandis que l\u2019adoption simple, r\u00e9vocable, a pour effet de maintenir les liens entre l\u2019adopt\u00e9 et sa famille d\u2019origine.<\/p>\n<p style=\"text-align: justify;\">En pratique, le recours \u00e0 l\u2019adoption simple concerne en majorit\u00e9 une personne de sa famille, et souvent l\u2019enfant du conjoint dans les familles recompos\u00e9es qui souhaitent transformer les liens du c\u0153ur en liens juridiques.\u00a0Pour chaque type d\u2019adoption, et qu\u2019il s\u2019agisse d\u2019une adoption par un couple ou \u00e0 titre individuel, les conditions \u00e0 remplir sont diff\u00e9rentes, tout comme la proc\u00e9dure.<\/p>\n<p style=\"text-align: justify;\"><a href=\"http:\/\/lea-doukhan-avocat.fr\/index.php\/contact-avocat-paris\/\"><strong>Ma\u00eetre L\u00e9a DOUKHAN, avocat \u00e0 Paris<\/strong><\/a>, qui se tient r\u00e9guli\u00e8rement inform\u00e9e des r\u00e9formes en la mati\u00e8re, vous assistera dans vos d\u00e9marches d\u2019adoption et aura \u00e0 c\u0153ur de vous rendre la proc\u00e9dure plus claire, plus accessible, et plus agr\u00e9able.<\/p>\n<p>[\/vc_column_text][\/vc_column][\/vc_row][vc_row][vc_column width=\u00a0\u00bb1\/2&Prime;][vc_column_text]<\/p>\n<h2 style=\"text-align: justify;\"><span style=\"color: #e5522f;\">Changement de nom<\/span><\/h2>\n<p style=\"text-align: justify;\">Toute personne justifiant d\u2019un int\u00e9r\u00eat l\u00e9gitime peut solliciter le changement de son nom de famille aupr\u00e8s du <a href=\"http:\/\/lea-doukhan-avocat.fr\/\">Ministre de la Justice<\/a>.<\/p>\n<p style=\"text-align: justify;\"><strong>Constitue par exemple un int\u00e9r\u00eat l\u00e9gitime\u00a0:<\/strong><\/p>\n<p>&#8211; un <strong>nom difficile \u00e0 porter<\/strong> car pouvant \u00eatre per\u00e7u comme ridicule ou p\u00e9joratif,<br \/>\n&#8211; un <strong>nom s&rsquo;\u00e9tant illustr\u00e9 de mani\u00e8re \u00e9clatante sur le plan national<\/strong>, si vous portez le nom d&rsquo;une personne c\u00e9l\u00e8bre ayant une mauvaise r\u00e9putation.<\/p>\n<p style=\"text-align: justify;\">Une telle demande peut \u00e9galement \u00eatre formul\u00e9e si\u00a0:<\/p>\n<p>&#8211; le nom en usage depuis longtemps dans votre famille est \u00e9teint ou menac\u00e9 d\u2019extinction,<br \/>\n&#8211; vous souhaitez consacrer l\u2019usage constant et continu d\u2019un nom sous lequel vous \u00eates connu personnellement ou professionnellement,<br \/>\n&#8211; vous voulez porter le m\u00eame nom que vos fr\u00e8res et s\u0153urs (demi-fr\u00e8res et demi-s\u0153urs \u00e9tant exclus) et que \u00e7a n\u2019est pas le cas.<\/p>\n<p style=\"text-align: justify;\">Seuls les citoyens majeurs et fran\u00e7ais peuvent formuler une telle demande.\u00a0La proc\u00e9dure est plus complexe que pour un changement de pr\u00e9nom et doit suivre plusieurs \u00e9tapes indispensables.<\/p>\n<p style=\"text-align: justify;\">En premier lieu, le demandeur doit publier la modification du nom envisag\u00e9e au Journal Officiel et dans un journal d\u2019annonces l\u00e9gales.<\/p>\n<p style=\"text-align: justify;\">Il doit ensuite constituer son dossier et l\u2019adresser au Minist\u00e8re de la Justice, qui examine la requ\u00eate apr\u00e8s avoir demand\u00e9 pr\u00e9alablement au Procureur de la R\u00e9publique de proc\u00e9der \u00e0 une enqu\u00eate.<br \/>\nLa r\u00e9daction de la requ\u00eate et la constitution du dossier sont complexes et n\u00e9cessitent l\u2019assistance d\u2019un avocat au fait de cette proc\u00e9dure particuli\u00e8re, tel que <strong><a href=\"http:\/\/lea-doukhan-avocat.fr\/index.php\/avocat-paris-cabinet\/\">Ma\u00eetre L\u00e9a DOUKHAN, avocat \u00e0 Paris.<\/a><\/strong><\/p>\n<p style=\"text-align: justify;\">Si la demande est accept\u00e9e, un d\u00e9cret portant changement de nom est publi\u00e9 au Journal Officiel.\u00a0La proc\u00e9dure ne termine toutefois r\u00e9ellement que lorsque le d\u00e9lai d\u2019opposition des tiers au changement de nom est expir\u00e9, toute opposition devant \u00eatre formul\u00e9e soit aupr\u00e8s du Minist\u00e8re de la Justice apr\u00e8s la publication de la demande pr\u00e9alable et avant la publication du d\u00e9cret, soit aupr\u00e8s du Conseil d\u2019Etat dans un d\u00e9lai de deux mois \u00e0 compter de la publication du d\u00e9cret.<\/p>\n<p>[\/vc_column_text][\/vc_column][vc_column width=\u00a0\u00bb1\/2&Prime;][vc_column_text]<\/p>\n<h2 style=\"text-align: justify;\"><span style=\"color: #e5522f;\">Changement de pr\u00e9nom<\/span><\/h2>\n<p style=\"text-align: justify;\">Le <strong>pr\u00e9nom<\/strong> est le premier \u00e9l\u00e9ment de notre identit\u00e9 que nous communiquons aux autres. Il est souvent le reflet d\u2019une culture, s\u2019inscrit parfois dans une histoire familiale, et constitue en tout \u00e9tat de cause un \u00e9l\u00e9ment cl\u00e9 de la personnalit\u00e9 de chacun.\u00a0Il a une telle importance que le Code Civil a pr\u00e9vu, en son article 60, la possibilit\u00e9 pour toute personne qui justifie d\u2019un int\u00e9r\u00eat l\u00e9gitime de changer son pr\u00e9nom, mais \u00e9galement de solliciter l\u2019adjonction ou la suppression d\u2019un pr\u00e9nom ou la modification de l\u2019ordre des pr\u00e9noms.<\/p>\n<p style=\"text-align: justify;\">Il appartient au <a href=\"http:\/\/lea-doukhan-avocat.fr\/index.php\/domaines\/droit-prive\/\"><strong>Juge aux Affaires Familiales<\/strong><\/a> comp\u00e9tent, saisi de la demande, d\u2019appr\u00e9cier la l\u00e9gitimit\u00e9 du motif all\u00e9gu\u00e9 par le requ\u00e9rant, puisqu\u2019aucune d\u00e9finition n\u2019en est donn\u00e9e par la loi.<\/p>\n<p style=\"text-align: justify;\">Sont ainsi fr\u00e9quemment estim\u00e9s comme l\u00e9gitimes les motifs suivants\u00a0:<\/p>\n<p>&#8211; Si le pr\u00e9nom ou l\u2019apposition du pr\u00e9nom et du nom de famille a une <strong>consonance ridicule<\/strong>,<br \/>\n&#8211; S\u2019il existe un<strong> int\u00e9r\u00eat religieux<\/strong> au changement de pr\u00e9nom,<br \/>\n&#8211; Si la personne justifie d\u2019<strong>un usage constant du pr\u00e9nom<\/strong> qu\u2019elle souhaite porter,<br \/>\n&#8211; Si le demandeur souhaite<strong> franciser son pr\u00e9nom pour une meilleure int\u00e9gration<\/strong><\/p>\n<p style=\"text-align: justify;\">La demande de changement de pr\u00e9nom doit obligatoirement et n\u00e9cessairement \u00eatre formul\u00e9e par un avocat.<\/p>\n<p style=\"text-align: justify;\"><strong>Ma\u00eetre L\u00e9a DOUKHAN<\/strong>, votre <a href=\"http:\/\/lea-doukhan-avocat.fr\/index.php\/domaines\/droit-commercial\/\"><strong>Avocat \u00e0 PARIS<\/strong><\/a>, vous conseillera et vous assistera dans vos d\u00e9marches afin d\u2019aboutir au changement de pr\u00e9nom souhait\u00e9. Elle r\u00e9digera dans votre int\u00e9r\u00eat la requ\u00eate en changement de pr\u00e9nom et adressera au Juge aux Affaires Familiales du Tribunal de Grande Instance comp\u00e9tent un dossier complet afin d\u2019optimiser vos chances de succ\u00e8s.<\/p>\n<p>[\/vc_column_text][\/vc_column][\/vc_row]<\/p>\n","protected":false},"excerpt":{"rendered":"<p>[vc_row][vc_column][vc_column_text css=\u00a0\u00bb.vc_custom_1464794034742{margin-bottom: 10px !important;}\u00a0\u00bb] Avocat en droit priv\u00e9 \u00e0 Paris [\/vc_column_text][vc_column_text] Ma\u00eetre L\u00e9a Doukhan, Avocat \u00e0 Paris [\/vc_column_text][\/vc_column][\/vc_row][vc_row][vc_column width=\u00a0\u00bb2\/3&Prime;][vc_column_text] Partages et successions Le d\u00e9c\u00e8s d\u2019un proche,<span class=\"excerpt-hellip\"> [\u2026]<\/span><\/p>\n","protected":false},"author":1,"featured_media":0,"parent":7,"menu_order":0,"comment_status":"closed","ping_status":"closed","template":"","meta":{"_links_to":"","_links_to_target":""},"yoast_head":"<!-- This site is optimized with the Yoast SEO plugin v17.8 - https:\/\/yoast.com\/wordpress\/plugins\/seo\/ -->\n<title>DROIT PRIV\u00c9 | Ma\u00eetre L\u00e9a Doukhan<\/title>\n<meta name=\"robots\" content=\"index, follow, max-snippet:-1, max-image-preview:large, max-video-preview:-1\" \/>\n<link rel=\"canonical\" href=\"https:\/\/lea-doukhan-avocat.fr\/index.php\/domaines\/droit-prive\/\" \/>\n<meta property=\"og:locale\" content=\"fr_FR\" \/>\n<meta property=\"og:type\" content=\"article\" \/>\n<meta property=\"og:title\" content=\"DROIT PRIV\u00c9 | Ma\u00eetre L\u00e9a Doukhan\" \/>\n<meta property=\"og:description\" content=\"[vc_row][vc_column][vc_column_text css=\u00a0\u00bb.vc_custom_1464794034742{margin-bottom: 10px !important;}\u00a0\u00bb] Avocat en droit priv\u00e9 \u00e0 Paris [\/vc_column_text][vc_column_text] Ma\u00eetre L\u00e9a Doukhan, Avocat \u00e0 Paris [\/vc_column_text][\/vc_column][\/vc_row][vc_row][vc_column width=\u00a0\u00bb2\/3&Prime;][vc_column_text] Partages et successions Le d\u00e9c\u00e8s d\u2019un proche, [\u2026]\" \/>\n<meta property=\"og:url\" content=\"https:\/\/lea-doukhan-avocat.fr\/index.php\/domaines\/droit-prive\/\" \/>\n<meta property=\"og:site_name\" content=\"Ma\u00eetre L\u00e9a Doukhan\" \/>\n<meta property=\"article:modified_time\" content=\"2016-06-06T09:21:57+00:00\" \/>\n<meta name=\"twitter:card\" content=\"summary_large_image\" \/>\n<meta name=\"twitter:label1\" content=\"Dur\u00e9e de lecture estim\u00e9e\" \/>\n\t<meta name=\"twitter:data1\" content=\"7 minutes\" \/>\n<script type=\"application\/ld+json\" class=\"yoast-schema-graph\">{\"@context\":\"https:\/\/schema.org\",\"@graph\":[{\"@type\":\"Organization\",\"@id\":\"https:\/\/lea-doukhan-avocat.fr\/#organization\",\"name\":\"L\\u00e9a Doukhan Avocat Droit Commercial Paris\",\"url\":\"https:\/\/lea-doukhan-avocat.fr\/\",\"sameAs\":[],\"logo\":{\"@type\":\"ImageObject\",\"@id\":\"https:\/\/lea-doukhan-avocat.fr\/#logo\",\"inLanguage\":\"fr-FR\",\"url\":\"https:\/\/lea-doukhan-avocat.fr\/wp-content\/uploads\/2019\/12\/logo-LDA-HD-avocat-droit-commercial-paris-2.png\",\"contentUrl\":\"https:\/\/lea-doukhan-avocat.fr\/wp-content\/uploads\/2019\/12\/logo-LDA-HD-avocat-droit-commercial-paris-2.png\",\"width\":2598,\"height\":554,\"caption\":\"L\\u00e9a Doukhan Avocat Droit Commercial Paris\"},\"image\":{\"@id\":\"https:\/\/lea-doukhan-avocat.fr\/#logo\"}},{\"@type\":\"WebSite\",\"@id\":\"https:\/\/lea-doukhan-avocat.fr\/#website\",\"url\":\"https:\/\/lea-doukhan-avocat.fr\/\",\"name\":\"Ma\\u00eetre L\\u00e9a Doukhan\",\"description\":\"Avocat en droit commercial \\u00e0 Paris\",\"publisher\":{\"@id\":\"https:\/\/lea-doukhan-avocat.fr\/#organization\"},\"potentialAction\":[{\"@type\":\"SearchAction\",\"target\":{\"@type\":\"EntryPoint\",\"urlTemplate\":\"https:\/\/lea-doukhan-avocat.fr\/?s={search_term_string}\"},\"query-input\":\"required name=search_term_string\"}],\"inLanguage\":\"fr-FR\"},{\"@type\":\"WebPage\",\"@id\":\"https:\/\/lea-doukhan-avocat.fr\/index.php\/domaines\/droit-prive\/#webpage\",\"url\":\"https:\/\/lea-doukhan-avocat.fr\/index.php\/domaines\/droit-prive\/\",\"name\":\"DROIT PRIV\\u00c9 | Ma\\u00eetre L\\u00e9a Doukhan\",\"isPartOf\":{\"@id\":\"https:\/\/lea-doukhan-avocat.fr\/#website\"},\"datePublished\":\"2016-01-13T09:10:48+00:00\",\"dateModified\":\"2016-06-06T09:21:57+00:00\",\"breadcrumb\":{\"@id\":\"https:\/\/lea-doukhan-avocat.fr\/index.php\/domaines\/droit-prive\/#breadcrumb\"},\"inLanguage\":\"fr-FR\",\"potentialAction\":[{\"@type\":\"ReadAction\",\"target\":[\"https:\/\/lea-doukhan-avocat.fr\/index.php\/domaines\/droit-prive\/\"]}]},{\"@type\":\"BreadcrumbList\",\"@id\":\"https:\/\/lea-doukhan-avocat.fr\/index.php\/domaines\/droit-prive\/#breadcrumb\",\"itemListElement\":[{\"@type\":\"ListItem\",\"position\":1,\"name\":\"Accueil\",\"item\":\"https:\/\/lea-doukhan-avocat.fr\/\"},{\"@type\":\"ListItem\",\"position\":2,\"name\":\"DOMAINES\",\"item\":\"\/\"},{\"@type\":\"ListItem\",\"position\":3,\"name\":\"DROIT PRIV\\u00c9\"}]}]}<\/script>\n<!-- \/ Yoast SEO plugin. -->","yoast_head_json":{"title":"DROIT PRIV\u00c9 | Ma\u00eetre L\u00e9a Doukhan","robots":{"index":"index","follow":"follow","max-snippet":"max-snippet:-1","max-image-preview":"max-image-preview:large","max-video-preview":"max-video-preview:-1"},"canonical":"https:\/\/lea-doukhan-avocat.fr\/index.php\/domaines\/droit-prive\/","og_locale":"fr_FR","og_type":"article","og_title":"DROIT PRIV\u00c9 | Ma\u00eetre L\u00e9a Doukhan","og_description":"[vc_row][vc_column][vc_column_text css=\u00a0\u00bb.vc_custom_1464794034742{margin-bottom: 10px !important;}\u00a0\u00bb] Avocat en droit priv\u00e9 \u00e0 Paris [\/vc_column_text][vc_column_text] Ma\u00eetre L\u00e9a Doukhan, Avocat \u00e0 Paris [\/vc_column_text][\/vc_column][\/vc_row][vc_row][vc_column width=\u00a0\u00bb2\/3&Prime;][vc_column_text] Partages et successions Le d\u00e9c\u00e8s d\u2019un proche, [\u2026]","og_url":"https:\/\/lea-doukhan-avocat.fr\/index.php\/domaines\/droit-prive\/","og_site_name":"Ma\u00eetre L\u00e9a Doukhan","article_modified_time":"2016-06-06T09:21:57+00:00","twitter_card":"summary_large_image","twitter_misc":{"Dur\u00e9e de lecture estim\u00e9e":"7 minutes"},"schema":{"@context":"https:\/\/schema.org","@graph":[{"@type":"Organization","@id":"https:\/\/lea-doukhan-avocat.fr\/#organization","name":"L\u00e9a Doukhan Avocat Droit Commercial Paris","url":"https:\/\/lea-doukhan-avocat.fr\/","sameAs":[],"logo":{"@type":"ImageObject","@id":"https:\/\/lea-doukhan-avocat.fr\/#logo","inLanguage":"fr-FR","url":"https:\/\/lea-doukhan-avocat.fr\/wp-content\/uploads\/2019\/12\/logo-LDA-HD-avocat-droit-commercial-paris-2.png","contentUrl":"https:\/\/lea-doukhan-avocat.fr\/wp-content\/uploads\/2019\/12\/logo-LDA-HD-avocat-droit-commercial-paris-2.png","width":2598,"height":554,"caption":"L\u00e9a Doukhan Avocat Droit Commercial Paris"},"image":{"@id":"https:\/\/lea-doukhan-avocat.fr\/#logo"}},{"@type":"WebSite","@id":"https:\/\/lea-doukhan-avocat.fr\/#website","url":"https:\/\/lea-doukhan-avocat.fr\/","name":"Ma\u00eetre L\u00e9a Doukhan","description":"Avocat en droit commercial \u00e0 Paris","publisher":{"@id":"https:\/\/lea-doukhan-avocat.fr\/#organization"},"potentialAction":[{"@type":"SearchAction","target":{"@type":"EntryPoint","urlTemplate":"https:\/\/lea-doukhan-avocat.fr\/?s={search_term_string}"},"query-input":"required name=search_term_string"}],"inLanguage":"fr-FR"},{"@type":"WebPage","@id":"https:\/\/lea-doukhan-avocat.fr\/index.php\/domaines\/droit-prive\/#webpage","url":"https:\/\/lea-doukhan-avocat.fr\/index.php\/domaines\/droit-prive\/","name":"DROIT PRIV\u00c9 | Ma\u00eetre L\u00e9a Doukhan","isPartOf":{"@id":"https:\/\/lea-doukhan-avocat.fr\/#website"},"datePublished":"2016-01-13T09:10:48+00:00","dateModified":"2016-06-06T09:21:57+00:00","breadcrumb":{"@id":"https:\/\/lea-doukhan-avocat.fr\/index.php\/domaines\/droit-prive\/#breadcrumb"},"inLanguage":"fr-FR","potentialAction":[{"@type":"ReadAction","target":["https:\/\/lea-doukhan-avocat.fr\/index.php\/domaines\/droit-prive\/"]}]},{"@type":"BreadcrumbList","@id":"https:\/\/lea-doukhan-avocat.fr\/index.php\/domaines\/droit-prive\/#breadcrumb","itemListElement":[{"@type":"ListItem","position":1,"name":"Accueil","item":"https:\/\/lea-doukhan-avocat.fr\/"},{"@type":"ListItem","position":2,"name":"DOMAINES","item":"\/"},{"@type":"ListItem","position":3,"name":"DROIT PRIV\u00c9"}]}]}},"_links":{"self":[{"href":"https:\/\/lea-doukhan-avocat.fr\/index.php\/wp-json\/wp\/v2\/pages\/16"}],"collection":[{"href":"https:\/\/lea-doukhan-avocat.fr\/index.php\/wp-json\/wp\/v2\/pages"}],"about":[{"href":"https:\/\/lea-doukhan-avocat.fr\/index.php\/wp-json\/wp\/v2\/types\/page"}],"author":[{"embeddable":true,"href":"https:\/\/lea-doukhan-avocat.fr\/index.php\/wp-json\/wp\/v2\/users\/1"}],"replies":[{"embeddable":true,"href":"https:\/\/lea-doukhan-avocat.fr\/index.php\/wp-json\/wp\/v2\/comments?post=16"}],"version-history":[{"count":18,"href":"https:\/\/lea-doukhan-avocat.fr\/index.php\/wp-json\/wp\/v2\/pages\/16\/revisions"}],"predecessor-version":[{"id":255,"href":"https:\/\/lea-doukhan-avocat.fr\/index.php\/wp-json\/wp\/v2\/pages\/16\/revisions\/255"}],"up":[{"embeddable":true,"href":"https:\/\/lea-doukhan-avocat.fr\/index.php\/wp-json\/wp\/v2\/pages\/7"}],"wp:attachment":[{"href":"https:\/\/lea-doukhan-avocat.fr\/index.php\/wp-json\/wp\/v2\/media?parent=16"}],"curies":[{"name":"wp","href":"https:\/\/api.w.org\/{rel}","templated":true}]}}