{"id":27,"date":"2016-01-13T10:19:00","date_gmt":"2016-01-13T09:19:00","guid":{"rendered":"http:\/\/lea-doukhan-avocat.fr\/?page_id=27"},"modified":"2019-12-30T18:04:59","modified_gmt":"2019-12-30T17:04:59","slug":"honoraires-avocat-paris","status":"publish","type":"page","link":"https:\/\/lea-doukhan-avocat.fr\/index.php\/honoraires-avocat-paris\/","title":{"rendered":"HONORAIRES"},"content":{"rendered":"<p>[vc_row][vc_column][vc_column_text]<\/p>\n<h1 style=\"text-align: center;\"><span style=\"color: #53348b;\">Honoraires Me L\u00e9a Doukhan, Avocat en droit commercial \u00e0 Paris<\/span><\/h1>\n<p>[\/vc_column_text][\/vc_column][\/vc_row][vc_row][vc_column width=\u00a0\u00bb2\/3&Prime;][vc_column_text]<\/p>\n<p style=\"text-align: justify;\">Les <strong>honoraires<\/strong> sont fix\u00e9s d\u2019un commun accord entre le client et l\u2019avocat, et d\u00e9termin\u00e9s principalement en fonction de la difficult\u00e9 du dossier, de son enjeu, et du temps \u00e0 lui consacrer.<\/p>\n<p style=\"text-align: justify;\">Ainsi, la question des honoraires sera abord\u00e9e par <a href=\"http:\/\/lea-doukhan-avocat.fr\/index.php\/contact-avocat-paris\/\">Ma\u00eetre L\u00e9a DOUKHAN<\/a>, <a href=\"http:\/\/lea-doukhan-avocat.fr\/\"><strong>avocat \u00e0 Paris<\/strong><\/a>, en toute transparence, d\u00e8s le 1<sup>er<\/sup> rendez-vous et avant m\u00eame que le dossier ne lui soit confi\u00e9.<\/p>\n<p style=\"text-align: justify;\"><strong>Elle vous proposera de conclure une convention d\u2019honoraires, aux termes de laquelle sera \u00e9tabli\u00a0:<\/strong><\/p>\n<p style=\"text-align: justify;\">&#8211; Soit sur un montant forfaitaire pr\u00e9d\u00e9fini pour l\u2019ensemble du dossier, qui restera fixe quel que soit le temps pass\u00e9 par l\u2019avocat sur l\u2019affaire,<br \/>\n&#8211; Soit sur une facturation aux temps pass\u00e9s sur le dossier, au taux horaire pr\u00e9alablement indiqu\u00e9 par Ma\u00eetre L\u00e9a DOUKHAN.<\/p>\n<p style=\"text-align: justify;\">Dans ces deux cas, le montant du 1<sup>er<\/sup> rendez-vous, qui est syst\u00e9matiquement factur\u00e9, sera d\u00e9duit du montant des honoraires convenus lorsque le dossier aura \u00e9t\u00e9 confi\u00e9 \u00e0 Ma\u00eetre L\u00e9a DOUKHAN, <a href=\"http:\/\/lea-doukhan-avocat.fr\/index.php\/avocat-paris-cabinet\/\">avocat \u00e0 Paris<\/a>.<\/p>\n<p style=\"text-align: justify;\">En toutes hypoth\u00e8ses, les frais et d\u00e9bours annexes engendr\u00e9s par <span style=\"text-decoration: underline;\">le traitement du dossier<\/span> (frais d\u2019huissier, de timbre fiscal, de greffe, etc) devront \u00eatre r\u00e9gl\u00e9s et support\u00e9s directement par le client sur pr\u00e9sentation, bien entendu, d\u2019une facture \u00e9tablie par les diff\u00e9rents intervenants.<\/p>\n<p>[\/vc_column_text][\/vc_column][vc_column width=\u00a0\u00bb1\/3&Prime;][vc_single_image image=\u00a0\u00bb237&Prime; img_size=\u00a0\u00bbfull\u00a0\u00bb alignment=\u00a0\u00bbcenter\u00a0\u00bb css_animation=\u00a0\u00bbright-to-left\u00a0\u00bb][\/vc_column][\/vc_row]<\/p>\n","protected":false},"excerpt":{"rendered":"<p>[vc_row][vc_column][vc_column_text] Honoraires Me L\u00e9a Doukhan, Avocat en droit commercial \u00e0 Paris [\/vc_column_text][\/vc_column][\/vc_row][vc_row][vc_column width=\u00a0\u00bb2\/3&Prime;][vc_column_text] Les honoraires sont fix\u00e9s d\u2019un commun accord entre le client et l\u2019avocat, et<span class=\"excerpt-hellip\"> [\u2026]<\/span><\/p>\n","protected":false},"author":1,"featured_media":0,"parent":0,"menu_order":0,"comment_status":"closed","ping_status":"closed","template":"","meta":{"_links_to":"","_links_to_target":""},"yoast_head":"<!-- This site is optimized with the Yoast SEO plugin v17.8 - https:\/\/yoast.com\/wordpress\/plugins\/seo\/ -->\n<title>HONORAIRES | Ma\u00eetre L\u00e9a Doukhan<\/title>\n<meta name=\"robots\" content=\"index, follow, max-snippet:-1, max-image-preview:large, max-video-preview:-1\" \/>\n<link rel=\"canonical\" href=\"https:\/\/lea-doukhan-avocat.fr\/index.php\/honoraires-avocat-paris\/\" \/>\n<meta property=\"og:locale\" content=\"fr_FR\" \/>\n<meta property=\"og:type\" content=\"article\" \/>\n<meta property=\"og:title\" content=\"HONORAIRES | Ma\u00eetre L\u00e9a Doukhan\" \/>\n<meta property=\"og:description\" content=\"[vc_row][vc_column][vc_column_text] Honoraires Me L\u00e9a Doukhan, Avocat en droit commercial \u00e0 Paris [\/vc_column_text][\/vc_column][\/vc_row][vc_row][vc_column width=\u00a0\u00bb2\/3&Prime;][vc_column_text] Les honoraires sont fix\u00e9s d\u2019un commun accord entre le client et l\u2019avocat, et [\u2026]\" \/>\n<meta property=\"og:url\" content=\"https:\/\/lea-doukhan-avocat.fr\/index.php\/honoraires-avocat-paris\/\" \/>\n<meta property=\"og:site_name\" content=\"Ma\u00eetre L\u00e9a Doukhan\" \/>\n<meta property=\"article:modified_time\" content=\"2019-12-30T17:04:59+00:00\" \/>\n<meta name=\"twitter:card\" content=\"summary_large_image\" \/>\n<meta name=\"twitter:label1\" content=\"Dur\u00e9e de lecture estim\u00e9e\" \/>\n\t<meta name=\"twitter:data1\" content=\"1 minute\" \/>\n<script type=\"application\/ld+json\" class=\"yoast-schema-graph\">{\"@context\":\"https:\/\/schema.org\",\"@graph\":[{\"@type\":\"Organization\",\"@id\":\"https:\/\/lea-doukhan-avocat.fr\/#organization\",\"name\":\"L\\u00e9a Doukhan Avocat Droit Commercial Paris\",\"url\":\"https:\/\/lea-doukhan-avocat.fr\/\",\"sameAs\":[],\"logo\":{\"@type\":\"ImageObject\",\"@id\":\"https:\/\/lea-doukhan-avocat.fr\/#logo\",\"inLanguage\":\"fr-FR\",\"url\":\"https:\/\/lea-doukhan-avocat.fr\/wp-content\/uploads\/2019\/12\/logo-LDA-HD-avocat-droit-commercial-paris-2.png\",\"contentUrl\":\"https:\/\/lea-doukhan-avocat.fr\/wp-content\/uploads\/2019\/12\/logo-LDA-HD-avocat-droit-commercial-paris-2.png\",\"width\":2598,\"height\":554,\"caption\":\"L\\u00e9a Doukhan Avocat Droit Commercial Paris\"},\"image\":{\"@id\":\"https:\/\/lea-doukhan-avocat.fr\/#logo\"}},{\"@type\":\"WebSite\",\"@id\":\"https:\/\/lea-doukhan-avocat.fr\/#website\",\"url\":\"https:\/\/lea-doukhan-avocat.fr\/\",\"name\":\"Ma\\u00eetre L\\u00e9a Doukhan\",\"description\":\"Avocat en droit commercial \\u00e0 Paris\",\"publisher\":{\"@id\":\"https:\/\/lea-doukhan-avocat.fr\/#organization\"},\"potentialAction\":[{\"@type\":\"SearchAction\",\"target\":{\"@type\":\"EntryPoint\",\"urlTemplate\":\"https:\/\/lea-doukhan-avocat.fr\/?s={search_term_string}\"},\"query-input\":\"required name=search_term_string\"}],\"inLanguage\":\"fr-FR\"},{\"@type\":\"WebPage\",\"@id\":\"https:\/\/lea-doukhan-avocat.fr\/index.php\/honoraires-avocat-paris\/#webpage\",\"url\":\"https:\/\/lea-doukhan-avocat.fr\/index.php\/honoraires-avocat-paris\/\",\"name\":\"HONORAIRES | Ma\\u00eetre L\\u00e9a Doukhan\",\"isPartOf\":{\"@id\":\"https:\/\/lea-doukhan-avocat.fr\/#website\"},\"datePublished\":\"2016-01-13T09:19:00+00:00\",\"dateModified\":\"2019-12-30T17:04:59+00:00\",\"breadcrumb\":{\"@id\":\"https:\/\/lea-doukhan-avocat.fr\/index.php\/honoraires-avocat-paris\/#breadcrumb\"},\"inLanguage\":\"fr-FR\",\"potentialAction\":[{\"@type\":\"ReadAction\",\"target\":[\"https:\/\/lea-doukhan-avocat.fr\/index.php\/honoraires-avocat-paris\/\"]}]},{\"@type\":\"BreadcrumbList\",\"@id\":\"https:\/\/lea-doukhan-avocat.fr\/index.php\/honoraires-avocat-paris\/#breadcrumb\",\"itemListElement\":[{\"@type\":\"ListItem\",\"position\":1,\"name\":\"Accueil\",\"item\":\"https:\/\/lea-doukhan-avocat.fr\/\"},{\"@type\":\"ListItem\",\"position\":2,\"name\":\"HONORAIRES\"}]}]}<\/script>\n<!-- \/ Yoast SEO plugin. -->","yoast_head_json":{"title":"HONORAIRES | Ma\u00eetre L\u00e9a Doukhan","robots":{"index":"index","follow":"follow","max-snippet":"max-snippet:-1","max-image-preview":"max-image-preview:large","max-video-preview":"max-video-preview:-1"},"canonical":"https:\/\/lea-doukhan-avocat.fr\/index.php\/honoraires-avocat-paris\/","og_locale":"fr_FR","og_type":"article","og_title":"HONORAIRES | Ma\u00eetre L\u00e9a Doukhan","og_description":"[vc_row][vc_column][vc_column_text] Honoraires Me L\u00e9a Doukhan, Avocat en droit commercial \u00e0 Paris [\/vc_column_text][\/vc_column][\/vc_row][vc_row][vc_column width=\u00a0\u00bb2\/3&Prime;][vc_column_text] Les honoraires sont fix\u00e9s d\u2019un commun accord entre le client et l\u2019avocat, et [\u2026]","og_url":"https:\/\/lea-doukhan-avocat.fr\/index.php\/honoraires-avocat-paris\/","og_site_name":"Ma\u00eetre L\u00e9a Doukhan","article_modified_time":"2019-12-30T17:04:59+00:00","twitter_card":"summary_large_image","twitter_misc":{"Dur\u00e9e de lecture estim\u00e9e":"1 minute"},"schema":{"@context":"https:\/\/schema.org","@graph":[{"@type":"Organization","@id":"https:\/\/lea-doukhan-avocat.fr\/#organization","name":"L\u00e9a Doukhan Avocat Droit Commercial Paris","url":"https:\/\/lea-doukhan-avocat.fr\/","sameAs":[],"logo":{"@type":"ImageObject","@id":"https:\/\/lea-doukhan-avocat.fr\/#logo","inLanguage":"fr-FR","url":"https:\/\/lea-doukhan-avocat.fr\/wp-content\/uploads\/2019\/12\/logo-LDA-HD-avocat-droit-commercial-paris-2.png","contentUrl":"https:\/\/lea-doukhan-avocat.fr\/wp-content\/uploads\/2019\/12\/logo-LDA-HD-avocat-droit-commercial-paris-2.png","width":2598,"height":554,"caption":"L\u00e9a Doukhan Avocat Droit Commercial Paris"},"image":{"@id":"https:\/\/lea-doukhan-avocat.fr\/#logo"}},{"@type":"WebSite","@id":"https:\/\/lea-doukhan-avocat.fr\/#website","url":"https:\/\/lea-doukhan-avocat.fr\/","name":"Ma\u00eetre L\u00e9a Doukhan","description":"Avocat en droit commercial \u00e0 Paris","publisher":{"@id":"https:\/\/lea-doukhan-avocat.fr\/#organization"},"potentialAction":[{"@type":"SearchAction","target":{"@type":"EntryPoint","urlTemplate":"https:\/\/lea-doukhan-avocat.fr\/?s={search_term_string}"},"query-input":"required name=search_term_string"}],"inLanguage":"fr-FR"},{"@type":"WebPage","@id":"https:\/\/lea-doukhan-avocat.fr\/index.php\/honoraires-avocat-paris\/#webpage","url":"https:\/\/lea-doukhan-avocat.fr\/index.php\/honoraires-avocat-paris\/","name":"HONORAIRES | Ma\u00eetre L\u00e9a Doukhan","isPartOf":{"@id":"https:\/\/lea-doukhan-avocat.fr\/#website"},"datePublished":"2016-01-13T09:19:00+00:00","dateModified":"2019-12-30T17:04:59+00:00","breadcrumb":{"@id":"https:\/\/lea-doukhan-avocat.fr\/index.php\/honoraires-avocat-paris\/#breadcrumb"},"inLanguage":"fr-FR","potentialAction":[{"@type":"ReadAction","target":["https:\/\/lea-doukhan-avocat.fr\/index.php\/honoraires-avocat-paris\/"]}]},{"@type":"BreadcrumbList","@id":"https:\/\/lea-doukhan-avocat.fr\/index.php\/honoraires-avocat-paris\/#breadcrumb","itemListElement":[{"@type":"ListItem","position":1,"name":"Accueil","item":"https:\/\/lea-doukhan-avocat.fr\/"},{"@type":"ListItem","position":2,"name":"HONORAIRES"}]}]}},"_links":{"self":[{"href":"https:\/\/lea-doukhan-avocat.fr\/index.php\/wp-json\/wp\/v2\/pages\/27"}],"collection":[{"href":"https:\/\/lea-doukhan-avocat.fr\/index.php\/wp-json\/wp\/v2\/pages"}],"about":[{"href":"https:\/\/lea-doukhan-avocat.fr\/index.php\/wp-json\/wp\/v2\/types\/page"}],"author":[{"embeddable":true,"href":"https:\/\/lea-doukhan-avocat.fr\/index.php\/wp-json\/wp\/v2\/users\/1"}],"replies":[{"embeddable":true,"href":"https:\/\/lea-doukhan-avocat.fr\/index.php\/wp-json\/wp\/v2\/comments?post=27"}],"version-history":[{"count":14,"href":"https:\/\/lea-doukhan-avocat.fr\/index.php\/wp-json\/wp\/v2\/pages\/27\/revisions"}],"predecessor-version":[{"id":376,"href":"https:\/\/lea-doukhan-avocat.fr\/index.php\/wp-json\/wp\/v2\/pages\/27\/revisions\/376"}],"wp:attachment":[{"href":"https:\/\/lea-doukhan-avocat.fr\/index.php\/wp-json\/wp\/v2\/media?parent=27"}],"curies":[{"name":"wp","href":"https:\/\/api.w.org\/{rel}","templated":true}]}}